{"id":611,"date":"2023-07-28T08:23:30","date_gmt":"2023-07-28T08:23:30","guid":{"rendered":"http:\/\/motek-55.com\/index.php\/about\/"},"modified":"2024-04-29T20:09:21","modified_gmt":"2024-04-29T18:09:21","slug":"about","status":"publish","type":"page","link":"https:\/\/motek-55.com\/en\/about\/","title":{"rendered":"About"},"content":{"rendered":"<div class=\"wp-block-uagb-container uagb-block-520e2490 alignfull uagb-is-root-container\"><div class=\"uagb-container-inner-blocks-wrap\">\n<div class=\"wp-block-uagb-advanced-heading uagb-block-2017abad\"><h1 class=\"uagb-heading-text\">About<\/h1><\/div>\n<\/div><\/div>\n\n\n\n<div class=\"wp-block-uagb-container uagb-block-8f655b5d alignfull uagb-is-root-container\"><div class=\"uagb-container-inner-blocks-wrap\">\n<div class=\"wp-block-uagb-container uagb-block-ef5c793b\">\n<div class=\"wp-block-uagb-advanced-heading uagb-block-968e99ff\"><h3 class=\"uagb-heading-text\">Who are we ?<\/h3><\/div>\n<\/div>\n\n\n\n<div class=\"wp-block-uagb-container uagb-block-5e4cc404\">\n<div class=\"wp-block-uagb-advanced-heading uagb-block-fed986a5\"><p class=\"uagb-heading-text\">Welcome to MOTEK, a platform dedicated to discovering, promoting and supporting the crafts, art and design of exceptional Israeli artists. Our mission is rooted in the desire to highlight the creative richness of the Israeli art scene while contributing to essential humanitarian causes.<\/p><\/div>\n<\/div>\n<\/div><\/div>\n\n\n\n<div class=\"wp-block-uagb-container uagb-block-4cb98ea9 alignfull uagb-is-root-container\"><div class=\"uagb-container-inner-blocks-wrap\">\n<div class=\"wp-block-uagb-advanced-heading uagb-block-6e62113e\"><h2 class=\"uagb-heading-text\">Our mission<\/h2><p class=\"uagb-desc-text\">Motek was created with a clear objective: to provide abundant visibility of crafts, art and design in Israel. The art and crafts of this small country are not always sufficiently highlighted. Yet, on every street corner, quality artists and artisans are emerging. The flashes of this Israeli creativity are remarkable, coming from a country whose very existence is constantly called into question, and which has lived through several wars while continuing to create and innovate.<\/p><\/div>\n\n\n\n<div class=\"wp-block-uagb-image aligncenter uagb-block-23e113bb wp-block-uagb-image--layout-default wp-block-uagb-image--effect-static wp-block-uagb-image--align-center\"><figure class=\"wp-block-uagb-image__figure\"><img decoding=\"async\" srcset=\"https:\/\/motek-55.com\/wp-content\/uploads\/2024\/04\/pexels-haley-black-2087392-scaled.jpg ,https:\/\/motek-55.com\/wp-content\/uploads\/2024\/04\/pexels-haley-black-2087392-scaled.jpg 780w, https:\/\/motek-55.com\/wp-content\/uploads\/2024\/04\/pexels-haley-black-2087392-scaled.jpg 360w\" sizes=\"auto, (max-width: 480px) 150px\" src=\"https:\/\/motek-55.com\/wp-content\/uploads\/2024\/04\/pexels-haley-black-2087392-scaled.jpg\" alt=\"\" class=\"uag-image-1348\" width=\"2560\" height=\"1707\" title=\"pexels-haley-black-2087392\" loading=\"lazy\" role=\"img\"\/><\/figure><\/div>\n\n\n\n<div class=\"wp-block-uagb-container uagb-block-5a13d703\">\n<div class=\"wp-block-uagb-advanced-heading uagb-block-60072a4a\"><h5 class=\"uagb-heading-text\">Support for Little Ambassadors<\/h5><p class=\"uagb-desc-text\">The Israeli artists and artisans we highlight are much more than exceptional creators. They are the little ambassadors of an Israel that is creative, inspiring and full of diversity. By supporting them, we help to show another side of this wonderful little country. Each acquired work thus becomes an act of support towards these artistic ambassadors, bearers of a rich vision of Israeli identity.<\/p><\/div>\n<\/div>\n<\/div><\/div>\n\n\n\n<div class=\"wp-block-uagb-container uagb-block-9e6b59f2 alignfull uagb-is-root-container\"><div class=\"uagb-container-inner-blocks-wrap\">\n<div class=\"wp-block-uagb-container uagb-block-20162d66\">\n<div class=\"wp-block-uagb-info-box uagb-block-14789a97 uagb-infobox__content-wrap  uagb-infobox-icon-above-title uagb-infobox-image-valign-top\"><div class=\"uagb-ifb-content\"><div class=\"uagb-ifb-title-wrap\"><h3 class=\"uagb-ifb-title\">The Spirit of Motek<\/h3><\/div><p class=\"uagb-ifb-desc\">The Motek team wants to share BARDAK, this mixture that exists at the heart of Israeli culture, a fusion of colors and flavors that makes this culture so overflowing. It is this spirit of diversity and this balagan that we wish to highlight through Motek.<\/p><\/div><\/div>\n<\/div>\n\n\n\n<div class=\"wp-block-uagb-container uagb-block-19509f10\">\n<figure class=\"wp-block-image size-full\"><img decoding=\"async\" src=\"https:\/\/motek-55.com\/wp-content\/uploads\/2023\/07\/plants-store-logo-green.svg\" alt=\"\" class=\"wp-image-639\"\/><\/figure>\n<\/div>\n<\/div><\/div>\n\n\n\n<div class=\"wp-block-uagb-container uagb-block-0ff68c00 alignfull uagb-is-root-container\"><div class=\"uagb-container-inner-blocks-wrap\">\n<div class=\"wp-block-uagb-container uagb-block-80da3948\">\n<div class=\"wp-block-uagb-info-box uagb-block-5f4d6e10 uagb-infobox__content-wrap  uagb-infobox-icon-above-title uagb-infobox-image-valign-top\"><div class=\"uagb-ifb-content\"><div class=\"uagb-ifb-title-wrap\"><h2 class=\"uagb-ifb-title\">Interested? Put the spotlight on Israel's creativity!<\/h2><\/div><div class=\"uagb-ifb-button-wrapper wp-block-button\"><a href=\"https:\/\/motek-55.com\/en\/shop-3\/\" class=\"uagb-infobox-cta-link wp-block-button__link\" target=\"_self\" rel=\"noopener noreferrer\" onclick=\"return true;\" alt=\"\"><span class=\"uagb-inline-editing\">DISCOVER<\/span><\/a><\/div><\/div><\/div>\n<\/div>\n\n\n\n<figure class=\"wp-block-image alignfull size-large\"><img loading=\"lazy\" decoding=\"async\" width=\"1024\" height=\"317\" src=\"https:\/\/motek-55.com\/wp-content\/uploads\/2024\/04\/shabbat-jewish-judaism-4610967-e1712063142850-1024x317.png\" alt=\"shabbat, jewish, judaism-4610967.jpg\" class=\"wp-image-1229\" srcset=\"https:\/\/motek-55.com\/wp-content\/uploads\/2024\/04\/shabbat-jewish-judaism-4610967-e1712063142850-1024x317.png 1024w, https:\/\/motek-55.com\/wp-content\/uploads\/2024\/04\/shabbat-jewish-judaism-4610967-e1712063142850-300x93.png 300w, https:\/\/motek-55.com\/wp-content\/uploads\/2024\/04\/shabbat-jewish-judaism-4610967-e1712063142850-768x238.png 768w, https:\/\/motek-55.com\/wp-content\/uploads\/2024\/04\/shabbat-jewish-judaism-4610967-e1712063142850-600x186.png 600w, https:\/\/motek-55.com\/wp-content\/uploads\/2024\/04\/shabbat-jewish-judaism-4610967-e1712063142850.png 1280w\" sizes=\"auto, (max-width: 1024px) 100vw, 1024px\" \/><\/figure>\n<\/div><\/div>","protected":false},"excerpt":{"rendered":"<p>\u00c0 propos Qui sommes-nous ? Bienvenue sur MOTEK, une plateforme d\u00e9di\u00e9e \u00e0 la d\u00e9couverte, la promotion et le soutien de l&rsquo;artisanat, de l&rsquo;art et du design d&rsquo;artistes isra\u00e9liens exceptionnels. Notre mission est ancr\u00e9e dans la volont\u00e9 de mettre en lumi\u00e8re la richesse cr\u00e9ative de la sc\u00e8ne artistique isra\u00e9lienne tout en contribuant \u00e0 des causes humanitaires [&hellip;]<\/p>","protected":false},"author":1,"featured_media":0,"parent":0,"menu_order":0,"comment_status":"closed","ping_status":"closed","template":"","meta":{"_uag_custom_page_level_css":"","footnotes":""},"class_list":["post-611","page","type-page","status-publish","hentry"],"uagb_featured_image_src":{"full":false,"thumbnail":false,"medium":false,"medium_large":false,"large":false,"1536x1536":false,"2048x2048":false,"trp-custom-language-flag":false,"woocommerce_thumbnail":false,"woocommerce_single":false,"woocommerce_gallery_thumbnail":false},"uagb_author_info":{"display_name":"motek-55","author_link":"https:\/\/motek-55.com\/en\/author\/motek-55-com\/"},"uagb_comment_info":0,"uagb_excerpt":"\u00c0 propos Qui sommes-nous ? Bienvenue sur MOTEK, une plateforme d\u00e9di\u00e9e \u00e0 la d\u00e9couverte, la promotion et le soutien de l&rsquo;artisanat, de l&rsquo;art et du design d&rsquo;artistes isra\u00e9liens exceptionnels. Notre mission est ancr\u00e9e dans la volont\u00e9 de mettre en lumi\u00e8re la richesse cr\u00e9ative de la sc\u00e8ne artistique isra\u00e9lienne tout en contribuant \u00e0 des causes humanitaires&hellip;","_links":{"self":[{"href":"https:\/\/motek-55.com\/en\/wp-json\/wp\/v2\/pages\/611","targetHints":{"allow":["GET"]}}],"collection":[{"href":"https:\/\/motek-55.com\/en\/wp-json\/wp\/v2\/pages"}],"about":[{"href":"https:\/\/motek-55.com\/en\/wp-json\/wp\/v2\/types\/page"}],"author":[{"embeddable":true,"href":"https:\/\/motek-55.com\/en\/wp-json\/wp\/v2\/users\/1"}],"replies":[{"embeddable":true,"href":"https:\/\/motek-55.com\/en\/wp-json\/wp\/v2\/comments?post=611"}],"version-history":[{"count":20,"href":"https:\/\/motek-55.com\/en\/wp-json\/wp\/v2\/pages\/611\/revisions"}],"predecessor-version":[{"id":1655,"href":"https:\/\/motek-55.com\/en\/wp-json\/wp\/v2\/pages\/611\/revisions\/1655"}],"wp:attachment":[{"href":"https:\/\/motek-55.com\/en\/wp-json\/wp\/v2\/media?parent=611"}],"curies":[{"name":"wp","href":"https:\/\/api.w.org\/{rel}","templated":true}]}}