{"id":605,"date":"2023-07-28T08:10:18","date_gmt":"2023-07-28T08:10:18","guid":{"rendered":"http:\/\/motek-55.com\/index.php\/home\/"},"modified":"2024-04-29T20:06:38","modified_gmt":"2024-04-29T18:06:38","slug":"accueil","status":"publish","type":"page","link":"https:\/\/motek-55.com\/en\/","title":{"rendered":"Home"},"content":{"rendered":"<div class=\"wp-block-uagb-container uagb-block-346e40a2 alignfull uagb-is-root-container\"><div class=\"uagb-container-inner-blocks-wrap\">\n<div class=\"wp-block-uagb-info-box uagb-block-546d9e4e uagb-infobox__content-wrap  uagb-infobox-icon-above-title uagb-infobox-image-valign-top\"><div class=\"uagb-ifb-content\"><div class=\"uagb-ifb-title-wrap\"><h1 class=\"uagb-ifb-title\">Israel's artists need your help<\/h1><\/div><p class=\"uagb-ifb-desc\"><strong>Buy works by leading Israeli artists, with 10% of the price donated to a Israel\/France association.<\/strong><\/p><div class=\"uagb-ifb-button-wrapper wp-block-button\"><a href=\"https:\/\/motek-55.com\/en\/shop-3\/\" class=\"uagb-infobox-cta-link wp-block-button__link\" target=\"_self\" rel=\"noopener noreferrer\" onclick=\"return true;\" alt=\"\"><span class=\"uagb-inline-editing\">DISCOVER<\/span><\/a><\/div><\/div><\/div>\n<\/div><\/div>\n\n\n\n<div class=\"wp-block-uagb-container uagb-block-35e84534 alignfull uagb-is-root-container\"><div class=\"uagb-container-inner-blocks-wrap\">\n<div class=\"wp-block-uagb-container uagb-block-4364e632\">\n<div class=\"wp-block-uagb-info-box uagb-block-2d7e6cb0 uagb-infobox__content-wrap  uagb-infobox-icon-above-title uagb-infobox-image-valign-top\"><div class=\"uagb-ifb-content\"><div class=\"uagb-ifb-title-wrap\"><h3 class=\"uagb-ifb-title\">Welcome to Motek!<\/h3><\/div><div class=\"uagb-ifb-button-wrapper wp-block-button\"><a href=\"https:\/\/motek-55.com\/en\/about\/\" class=\"uagb-infobox-cta-link wp-block-button__link\" target=\"_self\" rel=\"noopener noreferrer\" onclick=\"return true;\" alt=\"\"><span class=\"uagb-inline-editing\">EXPLORE<\/span><\/a><\/div><\/div><\/div>\n<\/div>\n\n\n\n<div class=\"wp-block-uagb-container uagb-block-63ba5c36\">\n<div class=\"wp-block-group is-layout-constrained wp-block-group-is-layout-constrained\">\n<div class=\"wp-block-group is-layout-constrained wp-block-group-is-layout-constrained\">\n<blockquote class=\"wp-block-quote is-layout-flow wp-block-quote-is-layout-flow\">\n<p>Israeli artists - photographers, designers, sculptors... - are making Israel glow with their incomparable strength and originality.<\/p>\n\n\n\n<p>Since 7 October, Israeli artists have been in great difficulty, struggling to make their work known, particularly abroad.<\/p>\n\n\n\n<p>To help them, we have created a unique platform where you can :<\/p>\n\n\n\n<ul class=\"wp-block-list\">\n<li>discover a selection of works by prominent artists on the Israeli scene<\/li>\n\n\n\n<li>purchase a work to support artists in Israel<\/li>\n\n\n\n<li>support Israel through a donation to an Israeli charitable institution of your choice: <strong>KKL<\/strong>, <strong>Magen David Adom<\/strong> or <strong>Keren Hayesod-Appel<\/strong><\/li>\n<\/ul>\n<cite>Israeli artists are Israel's ambassadors to the world.<br>By purchasing their work, you are supporting them and Israel.<\/cite><\/blockquote>\n<\/div>\n<\/div>\n<\/div>\n<\/div><\/div>\n\n\n\n<div class=\"wp-block-uagb-container uagb-block-d6ff1964 alignfull uagb-is-root-container\"><div class=\"uagb-container-inner-blocks-wrap\">\n<div class=\"wp-block-uagb-info-box uagb-block-7a6797cb uagb-infobox__content-wrap  uagb-infobox-icon-above-title uagb-infobox-image-valign-top\"><div class=\"uagb-ifb-content\"><div class=\"uagb-ifb-title-wrap\"><h3 class=\"uagb-ifb-title\">Our partners<\/h3><\/div><\/div><\/div>\n\n\n\n<div class=\"wp-block-uagb-container uagb-block-5a5dfe89\">\n<div class=\"wp-block-uagb-container uagb-block-84b51d46\">\n<figure class=\"wp-block-image size-full wp-duotone-000000-3465aa-1\"><a href=\"https:\/\/www.keren-hayessod.fr\/\"><img loading=\"lazy\" decoding=\"async\" width=\"477\" height=\"120\" src=\"https:\/\/motek-55.com\/wp-content\/uploads\/2024\/04\/Keren2.png\" alt=\"\" class=\"wp-image-1266\" srcset=\"https:\/\/motek-55.com\/wp-content\/uploads\/2024\/04\/Keren2.png 477w, https:\/\/motek-55.com\/wp-content\/uploads\/2024\/04\/Keren2-300x75.png 300w\" sizes=\"auto, (max-width: 477px) 100vw, 477px\" \/><\/a><\/figure>\n<\/div>\n\n\n\n<div class=\"wp-block-uagb-container uagb-block-7e7a535f\">\n<figure class=\"wp-block-image size-full\"><a href=\"https:\/\/www.mda-france.org\/\"><img loading=\"lazy\" decoding=\"async\" width=\"900\" height=\"300\" src=\"https:\/\/motek-55.com\/wp-content\/uploads\/2024\/04\/Maguen.png\" alt=\"\" class=\"wp-image-1258\" srcset=\"https:\/\/motek-55.com\/wp-content\/uploads\/2024\/04\/Maguen.png 900w, https:\/\/motek-55.com\/wp-content\/uploads\/2024\/04\/Maguen-300x100.png 300w, https:\/\/motek-55.com\/wp-content\/uploads\/2024\/04\/Maguen-768x256.png 768w, https:\/\/motek-55.com\/wp-content\/uploads\/2024\/04\/Maguen-600x200.png 600w\" sizes=\"auto, (max-width: 900px) 100vw, 900px\" \/><\/a><\/figure>\n<\/div>\n\n\n\n<div class=\"wp-block-uagb-container uagb-block-cb4c0c89\">\n<div class=\"wp-block-uagb-info-box uagb-block-e0b8ffbb uagb-infobox__content-wrap  uagb-infobox_cta-type-all uagb-infobox-icon-left uagb-infobox-left uagb-infobox-stacked-tablet uagb-infobox-image-valign-middle wp-block-uagb-info-box--has-margin\"><div class=\"uagb-infobox-margin-wrapper\"><a href=\"https:\/\/www.kkl.fr\/\" class=\"uagb-infobox-link-wrap uagb-infbox__link-to-all\" target=\"_self\" aria-label=\"Infobox Link\" rel=\"noopener noreferrer\" onclick=\"return true;\"><\/a><div class=\"uagb-ifb-image-content\"><img decoding=\"async\" src=\"https:\/\/motek-55.com\/wp-content\/uploads\/2024\/04\/KKL.png\" alt=\"\" width=\"75\" height=\"94\" loading=\"lazy\"\/><\/div><div class=\"uagb-ifb-content\"><div class=\"uagb-ifb-title-wrap\"><h4 class=\"uagb-ifb-title\">Keren Kayemeth Lelsrael<\/h4><\/div><div class=\"uagb-ifb-button-wrapper wp-block-button\"><\/div><\/div><\/div><\/div>\n<\/div>\n<\/div>\n\n\n\n<div class=\"wp-block-uagb-container uagb-block-38ca1bdd\">\n<div class=\"wp-block-uagb-container uagb-block-70e123e2\">\n<div class=\"wp-block-uagb-info-box uagb-block-b56f88de uagb-infobox__content-wrap  uagb-infobox-icon-above-title uagb-infobox-image-valign-top\"><div class=\"uagb-ifb-content\"><div class=\"uagb-ifb-image-content\"><img decoding=\"async\" src=\"https:\/\/motek-55.com\/wp-content\/uploads\/2024\/04\/pexels-anastasiya-vragova-6662900-scaled-e1712074341327.jpg\" alt=\"\" width=\"1698\" height=\"2001\" loading=\"lazy\"\/><\/div><div class=\"uagb-ifb-title-wrap\"><h4 class=\"uagb-ifb-title\">Art<\/h4><\/div><div class=\"uagb-ifb-button-wrapper wp-block-button\"><a href=\"https:\/\/motek-55.com\/en\/product-category\/art\/\" class=\"uagb-infobox-cta-link wp-block-button__link\" target=\"_self\" rel=\"noopener noreferrer\" onclick=\"return true;\" alt=\"\"><span class=\"uagb-inline-editing\">See Collection<\/span><svg xmlns=\"https:\/\/www.w3.org\/2000\/svg\" viewbox=\"0 0 512 512\"><path d=\"M504.3 273.6l-112.1 104c-6.992 6.484-17.18 8.218-25.94 4.406c-8.758-3.812-14.42-12.45-14.42-21.1L351.9 288H32C14.33 288 .0002 273.7 .0002 255.1S14.33 224 32 224h319.9l0-72c0-9.547 5.66-18.19 14.42-22c8.754-3.809 18.95-2.075 25.94 4.41l112.1 104C514.6 247.9 514.6 264.1 504.3 273.6z\"><\/path><\/svg><\/a><\/div><\/div><\/div>\n<a class=\"spectra-container-link-overlay\" rel=\"noopener\" href=\"https:\/\/motek-55.com\/en\/product-category\/art\/\"> <\/a><\/div>\n\n\n\n<div class=\"wp-block-uagb-container uagb-block-7a19b60c\">\n<div class=\"wp-block-uagb-info-box uagb-block-e9028ce6 uagb-infobox__content-wrap  uagb-infobox-icon-above-title uagb-infobox-image-valign-top\"><div class=\"uagb-ifb-content\"><div class=\"uagb-ifb-image-content\"><img decoding=\"async\" src=\"https:\/\/motek-55.com\/wp-content\/uploads\/2024\/04\/pexels-cottonbro-studio-4033330-scaled-e1712074303228.jpg\" alt=\"\" width=\"1698\" height=\"2001\" loading=\"lazy\"\/><\/div><div class=\"uagb-ifb-title-wrap\"><h4 class=\"uagb-ifb-title\">Handcraft<\/h4><\/div><div class=\"uagb-ifb-button-wrapper wp-block-button\"><a href=\"https:\/\/motek-55.com\/en\/product-category\/artisanat\/\" class=\"uagb-infobox-cta-link wp-block-button__link\" target=\"_self\" rel=\"noopener noreferrer\" onclick=\"return true;\" alt=\"\"><span class=\"uagb-inline-editing\">See Collection<\/span><svg xmlns=\"https:\/\/www.w3.org\/2000\/svg\" viewbox=\"0 0 512 512\"><path d=\"M504.3 273.6l-112.1 104c-6.992 6.484-17.18 8.218-25.94 4.406c-8.758-3.812-14.42-12.45-14.42-21.1L351.9 288H32C14.33 288 .0002 273.7 .0002 255.1S14.33 224 32 224h319.9l0-72c0-9.547 5.66-18.19 14.42-22c8.754-3.809 18.95-2.075 25.94 4.41l112.1 104C514.6 247.9 514.6 264.1 504.3 273.6z\"><\/path><\/svg><\/a><\/div><\/div><\/div>\n<a class=\"spectra-container-link-overlay\" rel=\"noopener\" href=\"https:\/\/motek-55.com\/en\/product-category\/artisanat\/\"> <\/a><\/div>\n\n\n\n<div class=\"wp-block-uagb-container uagb-block-5a97cb9d\">\n<div class=\"wp-block-uagb-info-box uagb-block-81188fee uagb-infobox__content-wrap  uagb-infobox-icon-above-title uagb-infobox-image-valign-top\"><div class=\"uagb-ifb-content\"><div class=\"uagb-ifb-image-content\"><img decoding=\"async\" src=\"https:\/\/motek-55.com\/wp-content\/uploads\/2024\/04\/pexels-ksenia-chernaya-3730952-scaled-e1712074264297.jpg\" alt=\"\" width=\"1698\" height=\"2001\" loading=\"lazy\"\/><\/div><div class=\"uagb-ifb-title-wrap\"><h4 class=\"uagb-ifb-title\">Design<\/h4><\/div><div class=\"uagb-ifb-button-wrapper wp-block-button\"><a href=\"https:\/\/motek-55.com\/en\/product-category\/design\/\" class=\"uagb-infobox-cta-link wp-block-button__link\" target=\"_self\" rel=\"noopener noreferrer\" onclick=\"return true;\" alt=\"\"><span class=\"uagb-inline-editing\">See Collection<\/span><svg xmlns=\"https:\/\/www.w3.org\/2000\/svg\" viewbox=\"0 0 512 512\"><path d=\"M504.3 273.6l-112.1 104c-6.992 6.484-17.18 8.218-25.94 4.406c-8.758-3.812-14.42-12.45-14.42-21.1L351.9 288H32C14.33 288 .0002 273.7 .0002 255.1S14.33 224 32 224h319.9l0-72c0-9.547 5.66-18.19 14.42-22c8.754-3.809 18.95-2.075 25.94 4.41l112.1 104C514.6 247.9 514.6 264.1 504.3 273.6z\"><\/path><\/svg><\/a><\/div><\/div><\/div>\n<a class=\"spectra-container-link-overlay\" rel=\"noopener\" href=\"https:\/\/motek-55.com\/en\/product-category\/design\/\"> <\/a><\/div>\n<\/div>\n\n\n\n<div class=\"wp-block-uagb-container uagb-block-e6678182\">\n<div class=\"wp-block-uagb-container uagb-block-81f35083\">\n<div class=\"wp-block-uagb-info-box uagb-block-e17a2b10 uagb-infobox__content-wrap  uagb-infobox-icon-above-title uagb-infobox-image-valign-top\"><div class=\"uagb-ifb-content\"><div class=\"uagb-ifb-image-content\"><img decoding=\"async\" src=\"https:\/\/motek-55.com\/wp-content\/uploads\/2024\/04\/pexels-skylar-kang-6207387-scaled-e1712074213830.jpg\" alt=\"\" width=\"1693\" height=\"2001\" loading=\"lazy\"\/><\/div><div class=\"uagb-ifb-title-wrap\"><h4 class=\"uagb-ifb-title\">Judaica<\/h4><\/div><div class=\"uagb-ifb-button-wrapper wp-block-button\"><a href=\"https:\/\/motek-55.com\/en\/product-category\/judaica\/\" class=\"uagb-infobox-cta-link wp-block-button__link\" target=\"_self\" rel=\"noopener noreferrer\" onclick=\"return true;\" alt=\"\"><span class=\"uagb-inline-editing\">See Collection<\/span><svg xmlns=\"https:\/\/www.w3.org\/2000\/svg\" viewbox=\"0 0 512 512\"><path d=\"M504.3 273.6l-112.1 104c-6.992 6.484-17.18 8.218-25.94 4.406c-8.758-3.812-14.42-12.45-14.42-21.1L351.9 288H32C14.33 288 .0002 273.7 .0002 255.1S14.33 224 32 224h319.9l0-72c0-9.547 5.66-18.19 14.42-22c8.754-3.809 18.95-2.075 25.94 4.41l112.1 104C514.6 247.9 514.6 264.1 504.3 273.6z\"><\/path><\/svg><\/a><\/div><\/div><\/div>\n<a class=\"spectra-container-link-overlay\" rel=\"noopener\" href=\"https:\/\/motek-55.com\/en\/product-category\/judaica\/\"> <\/a><\/div>\n\n\n\n<div class=\"wp-block-uagb-container uagb-block-0d8831b3\">\n<div class=\"wp-block-uagb-info-box uagb-block-86e166ea uagb-infobox__content-wrap  uagb-infobox-icon-above-title uagb-infobox-image-valign-top\"><div class=\"uagb-ifb-content\"><div class=\"uagb-ifb-image-content\"><img decoding=\"async\" src=\"https:\/\/motek-55.com\/wp-content\/uploads\/2024\/04\/pexels-cottonbro-studio-4040836-scaled-e1712074165224.jpg\" alt=\"\" width=\"1698\" height=\"2001\" loading=\"lazy\"\/><\/div><div class=\"uagb-ifb-title-wrap\"><h4 class=\"uagb-ifb-title\">Ready-to-wear<\/h4><\/div><div class=\"uagb-ifb-button-wrapper wp-block-button\"><a href=\"https:\/\/motek-55.com\/en\/product-category\/pret-a-porter\/\" class=\"uagb-infobox-cta-link wp-block-button__link\" target=\"_self\" rel=\"noopener noreferrer\" onclick=\"return true;\" alt=\"\"><span class=\"uagb-inline-editing\">See Collection<\/span><svg xmlns=\"https:\/\/www.w3.org\/2000\/svg\" viewbox=\"0 0 512 512\"><path d=\"M504.3 273.6l-112.1 104c-6.992 6.484-17.18 8.218-25.94 4.406c-8.758-3.812-14.42-12.45-14.42-21.1L351.9 288H32C14.33 288 .0002 273.7 .0002 255.1S14.33 224 32 224h319.9l0-72c0-9.547 5.66-18.19 14.42-22c8.754-3.809 18.95-2.075 25.94 4.41l112.1 104C514.6 247.9 514.6 264.1 504.3 273.6z\"><\/path><\/svg><\/a><\/div><\/div><\/div>\n<a class=\"spectra-container-link-overlay\" rel=\"noopener\" href=\"https:\/\/motek-55.com\/en\/product-category\/pret-a-porter\/\"> <\/a><\/div>\n\n\n\n<div class=\"wp-block-uagb-container uagb-block-cacef82b\">\n<div class=\"wp-block-uagb-info-box uagb-block-ac32759e uagb-infobox__content-wrap  uagb-infobox-icon-above-title uagb-infobox-image-valign-top\"><div class=\"uagb-ifb-content\"><div class=\"uagb-ifb-image-content\"><img decoding=\"async\" src=\"https:\/\/motek-55.com\/wp-content\/uploads\/2024\/04\/pexels-cottonbro-studio-4038212-scaled-e1712073992867.jpg\" alt=\"\" width=\"1698\" height=\"2001\" loading=\"lazy\"\/><\/div><div class=\"uagb-ifb-title-wrap\"><h4 class=\"uagb-ifb-title\">Yafo (yaffo) dizenghof<\/h4><\/div><div class=\"uagb-ifb-button-wrapper wp-block-button\"><a href=\"https:\/\/motek-55.com\/en\/product-category\/yafo-yaffo-dizenghof\/\" class=\"uagb-infobox-cta-link wp-block-button__link\" target=\"_self\" rel=\"noopener noreferrer\" onclick=\"return true;\" alt=\"\"><span class=\"uagb-inline-editing\">See Collection<\/span><svg xmlns=\"https:\/\/www.w3.org\/2000\/svg\" viewbox=\"0 0 512 512\"><path d=\"M504.3 273.6l-112.1 104c-6.992 6.484-17.18 8.218-25.94 4.406c-8.758-3.812-14.42-12.45-14.42-21.1L351.9 288H32C14.33 288 .0002 273.7 .0002 255.1S14.33 224 32 224h319.9l0-72c0-9.547 5.66-18.19 14.42-22c8.754-3.809 18.95-2.075 25.94 4.41l112.1 104C514.6 247.9 514.6 264.1 504.3 273.6z\"><\/path><\/svg><\/a><\/div><\/div><\/div>\n<a class=\"spectra-container-link-overlay\" rel=\"noopener\" href=\"https:\/\/motek-55.com\/en\/product-category\/yafo-yaffo-dizenghof\/\"> <\/a><\/div>\n<\/div>\n<\/div><\/div>\n\n\n\n<div class=\"wp-block-uagb-container uagb-block-463dcdd0 alignfull uagb-is-root-container\"><div class=\"uagb-container-inner-blocks-wrap\">\n<div class=\"wp-block-uagb-advanced-heading uagb-block-f48e208b\"><h2 class=\"uagb-heading-text\">Blog<\/h2><\/div>\n\n\n\n\t\t\t<div class=\"wp-block-uagb-post-carousel uagb-post-grid  uagb-post__image-position-background uagb-post__image-enabled uagb-block-2c039652     uagb-post__arrow-outside uagb-post__items uagb-post__columns-3 is-carousel uagb-post__columns-tablet-2 uagb-post__columns-mobile-1\" data-total=\"0\" style=\"\">\n\n\t\t\t\t\t\t\t\t\t<p class=\"uagb-post__no-posts\">\n\t\t\t\t\t\tNo post found!\t\t\t\t\t<\/p>\n\t\t\t\t\t\t\t\t<\/div>\n\t\t\t<\/div><\/div>\n\n\n\n<div class=\"wp-block-uagb-container uagb-block-0ff68c00 alignfull uagb-is-root-container\"><div class=\"uagb-container-inner-blocks-wrap\">\n<div class=\"wp-block-uagb-container uagb-block-80da3948\">\n<div class=\"wp-block-uagb-info-box uagb-block-5f4d6e10 uagb-infobox__content-wrap  uagb-infobox-icon-above-title uagb-infobox-image-valign-top\"><div class=\"uagb-ifb-content\"><div class=\"uagb-ifb-title-wrap\"><h2 class=\"uagb-ifb-title\">Interested? Put the spotlight on Israel's creativity!<\/h2><\/div><div class=\"uagb-ifb-button-wrapper wp-block-button\"><a href=\"https:\/\/motek-55.com\/en\/shop-3\/\" class=\"uagb-infobox-cta-link wp-block-button__link\" target=\"_self\" rel=\"noopener noreferrer\" onclick=\"return true;\" alt=\"\"><span class=\"uagb-inline-editing\">DISCOVER<\/span><\/a><\/div><\/div><\/div>\n<\/div>\n\n\n\n<figure class=\"wp-block-image alignfull size-large\"><img loading=\"lazy\" decoding=\"async\" width=\"1024\" height=\"317\" src=\"https:\/\/motek-55.com\/wp-content\/uploads\/2024\/04\/shabbat-jewish-judaism-4610967-e1712063142850-1024x317.png\" alt=\"shabbat, jewish, judaism-4610967.jpg\" class=\"wp-image-1229\" srcset=\"https:\/\/motek-55.com\/wp-content\/uploads\/2024\/04\/shabbat-jewish-judaism-4610967-e1712063142850-1024x317.png 1024w, https:\/\/motek-55.com\/wp-content\/uploads\/2024\/04\/shabbat-jewish-judaism-4610967-e1712063142850-300x93.png 300w, https:\/\/motek-55.com\/wp-content\/uploads\/2024\/04\/shabbat-jewish-judaism-4610967-e1712063142850-768x238.png 768w, https:\/\/motek-55.com\/wp-content\/uploads\/2024\/04\/shabbat-jewish-judaism-4610967-e1712063142850-600x186.png 600w, https:\/\/motek-55.com\/wp-content\/uploads\/2024\/04\/shabbat-jewish-judaism-4610967-e1712063142850.png 1280w\" sizes=\"auto, (max-width: 1024px) 100vw, 1024px\" \/><\/figure>\n<\/div><\/div>","protected":false},"excerpt":{"rendered":"<p>Les artistes isra\u00e9liens \u2013 photographes, designer, sculpteurs,\u2026 &#8211; font rayonner Isra\u00ebl par leur force et leur originalit\u00e9 incomparables. Depuis le 7 octobre, les artistes isra\u00e9liens sont en grande difficult\u00e9 et peinent \u00e0 faire conna\u00eetre leur travail, notamment \u00e0 l&rsquo;\u00e9tranger. Pour les aider, nous avons cr\u00e9\u00e9 une plateforme unique dans son genre \u00e0 partir de laquelle [&hellip;]<\/p>","protected":false},"author":1,"featured_media":0,"parent":0,"menu_order":0,"comment_status":"closed","ping_status":"closed","template":"","meta":{"_uag_custom_page_level_css":"","footnotes":""},"class_list":["post-605","page","type-page","status-publish","hentry"],"uagb_featured_image_src":{"full":false,"thumbnail":false,"medium":false,"medium_large":false,"large":false,"1536x1536":false,"2048x2048":false,"trp-custom-language-flag":false,"woocommerce_thumbnail":false,"woocommerce_single":false,"woocommerce_gallery_thumbnail":false},"uagb_author_info":{"display_name":"motek-55","author_link":"https:\/\/motek-55.com\/en\/author\/motek-55-com\/"},"uagb_comment_info":0,"uagb_excerpt":"Les artistes isra\u00e9liens \u2013 photographes, designer, sculpteurs,\u2026 &#8211; font rayonner Isra\u00ebl par leur force et leur originalit\u00e9 incomparables. Depuis le 7 octobre, les artistes isra\u00e9liens sont en grande difficult\u00e9 et peinent \u00e0 faire conna\u00eetre leur travail, notamment \u00e0 l&rsquo;\u00e9tranger. Pour les aider, nous avons cr\u00e9\u00e9 une plateforme unique dans son genre \u00e0 partir de laquelle&hellip;","_links":{"self":[{"href":"https:\/\/motek-55.com\/en\/wp-json\/wp\/v2\/pages\/605","targetHints":{"allow":["GET"]}}],"collection":[{"href":"https:\/\/motek-55.com\/en\/wp-json\/wp\/v2\/pages"}],"about":[{"href":"https:\/\/motek-55.com\/en\/wp-json\/wp\/v2\/types\/page"}],"author":[{"embeddable":true,"href":"https:\/\/motek-55.com\/en\/wp-json\/wp\/v2\/users\/1"}],"replies":[{"embeddable":true,"href":"https:\/\/motek-55.com\/en\/wp-json\/wp\/v2\/comments?post=605"}],"version-history":[{"count":26,"href":"https:\/\/motek-55.com\/en\/wp-json\/wp\/v2\/pages\/605\/revisions"}],"predecessor-version":[{"id":1653,"href":"https:\/\/motek-55.com\/en\/wp-json\/wp\/v2\/pages\/605\/revisions\/1653"}],"wp:attachment":[{"href":"https:\/\/motek-55.com\/en\/wp-json\/wp\/v2\/media?parent=605"}],"curies":[{"name":"wp","href":"https:\/\/api.w.org\/{rel}","templated":true}]}}